{"id":166,"date":"2025-07-18T12:52:47","date_gmt":"2025-07-18T10:52:47","guid":{"rendered":"https:\/\/viacocrea.eu\/?page_id=166"},"modified":"2025-09-26T11:43:40","modified_gmt":"2025-09-26T09:43:40","slug":"antes-de-empezar","status":"publish","type":"page","link":"https:\/\/viacocrea.eu\/index.php\/antes-de-empezar\/","title":{"rendered":"Antes de empezar"},"content":{"rendered":"\t\t<div data-elementor-type=\"wp-page\" data-elementor-id=\"166\" class=\"elementor elementor-166\">\n\t\t\t\t<div class=\"elementor-element elementor-element-8169454 e-flex e-con-boxed e-con e-parent\" data-id=\"8169454\" data-element_type=\"container\">\n\t\t\t\t\t<div class=\"e-con-inner\">\n\t\t\t\t<div class=\"elementor-element elementor-element-722f487 elementor-widget elementor-widget-spacer\" data-id=\"722f487\" data-element_type=\"widget\" data-widget_type=\"spacer.default\">\n\t\t\t\t\t\t\t<div class=\"elementor-spacer\">\n\t\t\t<div class=\"elementor-spacer-inner\"><\/div>\n\t\t<\/div>\n\t\t\t\t\t\t<\/div>\n\t\t\t\t\t<\/div>\n\t\t\t\t<\/div>\n\t\t<div class=\"elementor-element elementor-element-9a069ab e-flex e-con-boxed e-con e-parent\" data-id=\"9a069ab\" data-element_type=\"container\">\n\t\t\t\t\t<div class=\"e-con-inner\">\n\t\t\t\t<div class=\"elementor-element elementor-element-e1b670c elementor-widget elementor-widget-heading\" data-id=\"e1b670c\" data-element_type=\"widget\" data-widget_type=\"heading.default\">\n\t\t\t\t\t<h2 class=\"elementor-heading-title elementor-size-default\">\u00bfQu\u00e9 debes saber antes de empezar?<\/h2>\t\t\t\t<\/div>\n\t\t\t\t\t<\/div>\n\t\t\t\t<\/div>\n\t\t<div class=\"elementor-element elementor-element-352c060 e-grid e-con-boxed e-con e-parent\" data-id=\"352c060\" data-element_type=\"container\">\n\t\t\t\t\t<div class=\"e-con-inner\">\n\t\t\t\t<div class=\"elementor-element elementor-element-1f2ba2e elementor-widget elementor-widget-text-editor\" data-id=\"1f2ba2e\" data-element_type=\"widget\" data-widget_type=\"text-editor.default\">\n\t\t\t\t\t\t\t\t\t<blockquote data-start=\"535\" data-end=\"882\"><p data-start=\"537\" data-end=\"882\">Si es tu primera vez en Viacocrea, este video te mostrar\u00e1 todo lo necesario para comenzar a usar la plataforma correctamente desde tu centro educativo.<br data-start=\"688\" data-end=\"691\" \/>Aqu\u00ed te explicamos c\u00f3mo se organiza el acceso a Viacocrea, qui\u00e9n puede dar de alta a docentes y estudiantes, y qu\u00e9 <strong>condiciones t\u00e9cnicas<\/strong> necesitas cumplir para que todo funcione sin problemas. Este tutorial est\u00e1 dirigido especialmente a<b>\u00a0responsables de centro y docentes<\/b>, e incluye informaci\u00f3n clave sobre:\u00a0<\/p><\/blockquote><ul data-start=\"1005\" data-end=\"1264\"><li data-start=\"1005\" data-end=\"1045\"><p data-start=\"1007\" data-end=\"1045\">El proceso de activaci\u00f3n de tu centro.<\/p><\/li><li data-start=\"1046\" data-end=\"1104\"><p data-start=\"1048\" data-end=\"1104\">C\u00f3mo se gestionan las cuentas de profesorado y alumnado.<\/p><\/li><li data-start=\"1105\" data-end=\"1152\"><p data-start=\"1107\" data-end=\"1152\">C\u00f3mo acceder a las funciones principales de la plataforma.<\/p><\/li><li data-start=\"1214\" data-end=\"1264\"><p data-start=\"1216\" data-end=\"1264\">C\u00f3mo configurar tu usuario e idioma para interactuar con la plataforma.<\/p><\/li><li data-start=\"1214\" data-end=\"1264\"><p data-start=\"1216\" data-end=\"1264\">Mira el video y da tus primeros pasos con confianza.<\/p><\/li><\/ul>\t\t\t\t\t\t\t\t<\/div>\n\t\t\t\t<div class=\"elementor-element elementor-element-092f606 elementor-widget elementor-widget-video\" data-id=\"092f606\" data-element_type=\"widget\" data-settings=\"{&quot;video_type&quot;:&quot;hosted&quot;,&quot;controls&quot;:&quot;yes&quot;}\" data-widget_type=\"video.default\">\n\t\t\t\t\t\t\t<div class=\"e-hosted-video elementor-wrapper elementor-open-inline\">\n\t\t\t\t\t<video class=\"elementor-video\" src=\"https:\/\/viacocrea.eu\/wp-content\/uploads\/2025\/07\/CAST_Antes-de-empezar-1.mp4\" controls=\"\" preload=\"metadata\" controlsList=\"nodownload\" poster=\"https:\/\/viacocrea.eu\/wp-content\/uploads\/2025\/07\/Captura-de-pantalla-2025-07-22-123831.png\"><\/video>\n\t\t\t\t<\/div>\n\t\t\t\t\t\t<\/div>\n\t\t\t\t\t<\/div>\n\t\t\t\t<\/div>\n\t\t\t\t<\/div>\n\t\t","protected":false},"excerpt":{"rendered":"<p>\u00bfQu\u00e9 debes saber antes de empezar? Si es tu primera [&hellip;]<\/p>\n","protected":false},"author":1,"featured_media":0,"parent":0,"menu_order":0,"comment_status":"closed","ping_status":"closed","template":"","meta":{"footnotes":""},"class_list":["post-166","page","type-page","status-publish","hentry"],"_links":{"self":[{"href":"https:\/\/viacocrea.eu\/index.php\/wp-json\/wp\/v2\/pages\/166","targetHints":{"allow":["GET"]}}],"collection":[{"href":"https:\/\/viacocrea.eu\/index.php\/wp-json\/wp\/v2\/pages"}],"about":[{"href":"https:\/\/viacocrea.eu\/index.php\/wp-json\/wp\/v2\/types\/page"}],"author":[{"embeddable":true,"href":"https:\/\/viacocrea.eu\/index.php\/wp-json\/wp\/v2\/users\/1"}],"replies":[{"embeddable":true,"href":"https:\/\/viacocrea.eu\/index.php\/wp-json\/wp\/v2\/comments?post=166"}],"version-history":[{"count":22,"href":"https:\/\/viacocrea.eu\/index.php\/wp-json\/wp\/v2\/pages\/166\/revisions"}],"predecessor-version":[{"id":668,"href":"https:\/\/viacocrea.eu\/index.php\/wp-json\/wp\/v2\/pages\/166\/revisions\/668"}],"wp:attachment":[{"href":"https:\/\/viacocrea.eu\/index.php\/wp-json\/wp\/v2\/media?parent=166"}],"curies":[{"name":"wp","href":"https:\/\/api.w.org\/{rel}","templated":true}]}}