{"id":54,"date":"2025-07-16T12:03:34","date_gmt":"2025-07-16T10:03:34","guid":{"rendered":"https:\/\/viacocrea.eu\/?page_id=54"},"modified":"2025-09-26T11:43:14","modified_gmt":"2025-09-26T09:43:14","slug":"pedagogia","status":"publish","type":"page","link":"https:\/\/viacocrea.eu\/index.php\/pedagogia\/","title":{"rendered":"Pedagog\u00eda"},"content":{"rendered":"\t\t<div data-elementor-type=\"wp-page\" data-elementor-id=\"54\" class=\"elementor elementor-54\">\n\t\t\t\t<div class=\"elementor-element elementor-element-16179b9 e-flex e-con-boxed e-con e-parent\" data-id=\"16179b9\" data-element_type=\"container\">\n\t\t\t\t\t<div class=\"e-con-inner\">\n\t\t\t\t<div class=\"elementor-element elementor-element-7fe8599 elementor-widget elementor-widget-spacer\" data-id=\"7fe8599\" data-element_type=\"widget\" data-widget_type=\"spacer.default\">\n\t\t\t\t\t\t\t<div class=\"elementor-spacer\">\n\t\t\t<div class=\"elementor-spacer-inner\"><\/div>\n\t\t<\/div>\n\t\t\t\t\t\t<\/div>\n\t\t\t\t\t<\/div>\n\t\t\t\t<\/div>\n\t\t<div class=\"elementor-element elementor-element-d9e9880 e-flex e-con-boxed e-con e-parent\" data-id=\"d9e9880\" data-element_type=\"container\">\n\t\t\t\t\t<div class=\"e-con-inner\">\n\t\t<div class=\"elementor-element elementor-element-4b313c6 e-con-full e-flex e-con e-child\" data-id=\"4b313c6\" data-element_type=\"container\">\n\t\t\t\t<div class=\"elementor-element elementor-element-2b5e949 elementor-widget elementor-widget-heading\" data-id=\"2b5e949\" data-element_type=\"widget\" data-widget_type=\"heading.default\">\n\t\t\t\t\t<h2 class=\"elementor-heading-title elementor-size-default\">El m\u00e9todo Cocrea<\/h2>\t\t\t\t<\/div>\n\t\t\t\t<div class=\"elementor-element elementor-element-796c2ba elementor-widget elementor-widget-text-editor\" data-id=\"796c2ba\" data-element_type=\"widget\" data-widget_type=\"text-editor.default\">\n\t\t\t\t\t\t\t\t\t<p><span style=\"white-space-collapse: preserve;\">El m\u00e9todo Cocrea transforma la ense\u00f1anza y el aprendizaje en las aulas ayudando a profesores y alumnos a ser m\u00e1s <span style=\"font-weight: bold;\">creativos<\/span>.\u00a0<\/span><br \/><span style=\"white-space-collapse: preserve;\">Para asegurar que las ideas que se generan durante un proceso creativo sean <span style=\"font-weight: bold;\">nuevas<\/span> y <span style=\"font-weight: bold;\">originales<\/span>,\u00a0Viacocrea\u00a0incluye:<\/span><\/p>\t\t\t\t\t\t\t\t<\/div>\n\t\t\t\t<\/div>\n\t\t<div class=\"elementor-element elementor-element-c05f913 e-con-full e-flex elementor-invisible e-con e-child\" data-id=\"c05f913\" data-element_type=\"container\" data-settings=\"{&quot;animation&quot;:&quot;bounceInUp&quot;}\">\n\t\t\t\t<div class=\"elementor-element elementor-element-ee73f5e e-n-tabs-mobile elementor-widget elementor-widget-n-tabs\" data-id=\"ee73f5e\" data-element_type=\"widget\" data-settings=\"{&quot;horizontal_scroll&quot;:&quot;disable&quot;}\" data-widget_type=\"nested-tabs.default\">\n\t\t\t\t\t\t\t<div class=\"e-n-tabs\" data-widget-number=\"250036062\" aria-label=\"Tabs. Open items with Enter or Space, close with Escape and navigate using the Arrow keys.\">\n\t\t\t<div class=\"e-n-tabs-heading\" role=\"tablist\">\n\t\t\t\t\t<button id=\"e-n-tab-title-2500360621\" class=\"e-n-tab-title elementor-animation-shrink\" aria-selected=\"true\" data-tab-index=\"1\" role=\"tab\" tabindex=\"0\" aria-controls=\"e-n-tab-content-2500360621\" style=\"--n-tabs-title-order: 1;\">\n\t\t\t\t\t\t<span class=\"e-n-tab-title-text\">\n\t\t\t\tEstructura\t\t\t<\/span>\n\t\t<\/button>\n\t\t\t\t<button id=\"e-n-tab-title-2500360622\" class=\"e-n-tab-title elementor-animation-shrink\" aria-selected=\"false\" data-tab-index=\"2\" role=\"tab\" tabindex=\"-1\" aria-controls=\"e-n-tab-content-2500360622\" style=\"--n-tabs-title-order: 2;\">\n\t\t\t\t\t\t<span class=\"e-n-tab-title-text\">\n\t\t\t\tToolkit\t\t\t<\/span>\n\t\t<\/button>\n\t\t\t\t<button id=\"e-n-tab-title-2500360623\" class=\"e-n-tab-title elementor-animation-shrink\" aria-selected=\"false\" data-tab-index=\"3\" role=\"tab\" tabindex=\"-1\" aria-controls=\"e-n-tab-content-2500360623\" style=\"--n-tabs-title-order: 3;\">\n\t\t\t\t\t\t<span class=\"e-n-tab-title-text\">\n\t\t\t\tInfograf\u00edas\t\t\t<\/span>\n\t\t<\/button>\n\t\t\t\t<button id=\"e-n-tab-title-2500360624\" class=\"e-n-tab-title elementor-animation-shrink\" aria-selected=\"false\" data-tab-index=\"4\" role=\"tab\" tabindex=\"-1\" aria-controls=\"e-n-tab-content-2500360624\" style=\"--n-tabs-title-order: 4;\">\n\t\t\t\t\t\t<span class=\"e-n-tab-title-text\">\n\t\t\t\tHoja de ruta\t\t\t<\/span>\n\t\t<\/button>\n\t\t\t\t\t<\/div>\n\t\t\t<div class=\"e-n-tabs-content\">\n\t\t\t\t<div id=\"e-n-tab-content-2500360621\" role=\"tabpanel\" aria-labelledby=\"e-n-tab-title-2500360621\" data-tab-index=\"1\" style=\"--n-tabs-title-order: 1;\" class=\"e-active elementor-element elementor-element-ffb4aba e-grid e-con-boxed e-con e-child\" data-id=\"ffb4aba\" data-element_type=\"container\">\n\t\t\t\t\t<div class=\"e-con-inner\">\n\t\t<div class=\"elementor-element elementor-element-b7faa78 e-con-full e-flex e-con e-child\" data-id=\"b7faa78\" data-element_type=\"container\">\n\t\t\t\t<div class=\"elementor-element elementor-element-621e4e6 elementor-widget elementor-widget-text-editor\" data-id=\"621e4e6\" data-element_type=\"widget\" data-widget_type=\"text-editor.default\">\n\t\t\t\t\t\t\t\t\t<p><span style=\"white-space-collapse: preserve;\">Viacocrea como plataforma estructura del proceso creativo en seis fases. Cada una de estas fases tiene objetivos que gu\u00edan a los alumnos para llegar a los resultados m\u00e1s creativos.<\/span><\/p>\t\t\t\t\t\t\t\t<\/div>\n\t\t\t\t<div class=\"elementor-element elementor-element-d21958f elementor-widget elementor-widget-spacer\" data-id=\"d21958f\" data-element_type=\"widget\" data-widget_type=\"spacer.default\">\n\t\t\t\t\t\t\t<div class=\"elementor-spacer\">\n\t\t\t<div class=\"elementor-spacer-inner\"><\/div>\n\t\t<\/div>\n\t\t\t\t\t\t<\/div>\n\t\t\t\t<div class=\"elementor-element elementor-element-6ea58b5 elementor-widget elementor-widget-heading\" data-id=\"6ea58b5\" data-element_type=\"widget\" data-widget_type=\"heading.default\">\n\t\t\t\t\t<h3 class=\"elementor-heading-title elementor-size-default\">Objetivos de las fases<\/h3>\t\t\t\t<\/div>\n\t\t\t\t<div class=\"elementor-element elementor-element-c1ec9f8 elementor-arrows-position-outside elementor-pagination-position-outside elementor-widget elementor-widget-image-carousel\" data-id=\"c1ec9f8\" data-element_type=\"widget\" data-settings=\"{&quot;slides_to_show&quot;:&quot;1&quot;,&quot;navigation&quot;:&quot;both&quot;,&quot;effect&quot;:&quot;slide&quot;,&quot;speed&quot;:500}\" data-widget_type=\"image-carousel.default\">\n\t\t\t\t\t\t\t<div class=\"elementor-image-carousel-wrapper swiper\" role=\"region\" aria-roledescription=\"carousel\" aria-label=\"Image Carousel\" dir=\"ltr\">\n\t\t\t<div class=\"elementor-image-carousel swiper-wrapper\" aria-live=\"polite\">\n\t\t\t\t\t\t\t\t<div class=\"swiper-slide\" role=\"group\" aria-roledescription=\"slide\" aria-label=\"1 of 6\"><figure class=\"swiper-slide-inner\"><img decoding=\"async\" class=\"swiper-slide-image\" src=\"https:\/\/viacocrea.eu\/wp-content\/uploads\/2025\/09\/COMENCAR-300x246.jpg\" alt=\"COMENZAR. Formar un grupo de trabajo y explorar el reto o proyecto a desarrollar.\" \/><figcaption class=\"elementor-image-carousel-caption\">COMENZAR. Formar un grupo de trabajo y explorar el reto o proyecto a desarrollar. <\/figcaption><\/figure><\/div><div class=\"swiper-slide\" role=\"group\" aria-roledescription=\"slide\" aria-label=\"2 of 6\"><figure class=\"swiper-slide-inner\"><img decoding=\"async\" class=\"swiper-slide-image\" src=\"https:\/\/viacocrea.eu\/wp-content\/uploads\/2025\/09\/DEFINIR-300x259.jpg\" alt=\"DEFINIR. Identificar, concretar y comprender al m\u00e1ximo el reto o proyecto.\" \/><figcaption class=\"elementor-image-carousel-caption\">DEFINIR. Identificar, concretar y comprender al m\u00e1ximo el reto o proyecto.<\/figcaption><\/figure><\/div><div class=\"swiper-slide\" role=\"group\" aria-roledescription=\"slide\" aria-label=\"3 of 6\"><figure class=\"swiper-slide-inner\"><img decoding=\"async\" class=\"swiper-slide-image\" src=\"https:\/\/viacocrea.eu\/wp-content\/uploads\/2025\/09\/DISSENYAR-300x255.jpg\" alt=\"PLANIFICAR. Idear los elementos principales a tener en cuenta y planificar las acciones necesarias a llevar a cabo para resolver el reto y responder dudas sobre este.\" \/><figcaption class=\"elementor-image-carousel-caption\">PLANIFICAR. Idear los elementos principales a tener en cuenta y planificar las acciones necesarias a llevar a cabo para resolver el reto y responder dudas sobre este.<\/figcaption><\/figure><\/div><div class=\"swiper-slide\" role=\"group\" aria-roledescription=\"slide\" aria-label=\"4 of 6\"><figure class=\"swiper-slide-inner\"><img decoding=\"async\" class=\"swiper-slide-image\" src=\"https:\/\/viacocrea.eu\/wp-content\/uploads\/2025\/09\/CONSTRUIR-300x243.jpg\" alt=\"CONSTRUIR. Organizar, representar y generar nuevas ideas para encontrar patrones e ideas diferentes.\" \/><figcaption class=\"elementor-image-carousel-caption\">CONSTRUIR. Organizar, representar y generar nuevas ideas para encontrar patrones e ideas diferentes.<\/figcaption><\/figure><\/div><div class=\"swiper-slide\" role=\"group\" aria-roledescription=\"slide\" aria-label=\"5 of 6\"><figure class=\"swiper-slide-inner\"><img decoding=\"async\" class=\"swiper-slide-image\" src=\"https:\/\/viacocrea.eu\/wp-content\/uploads\/2025\/09\/CONCLOURE-300x242.jpg\" alt=\"CONCLUIR. Seleccionar las principales conclusiones del reto o proyecto para poder dar respuestas y soluciones coherentes y adecuadas.\" \/><figcaption class=\"elementor-image-carousel-caption\">CONCLUIR. Seleccionar las principales conclusiones del reto o proyecto para poder dar respuestas y soluciones coherentes y adecuadas.<\/figcaption><\/figure><\/div><div class=\"swiper-slide\" role=\"group\" aria-roledescription=\"slide\" aria-label=\"6 of 6\"><figure class=\"swiper-slide-inner\"><img decoding=\"async\" class=\"swiper-slide-image\" src=\"https:\/\/viacocrea.eu\/wp-content\/uploads\/2025\/09\/COMUNICAR-300x249.jpg\" alt=\"COMUNICAR. Presentar y convencer de las mejoras o resultados obtenidos.\" \/><figcaption class=\"elementor-image-carousel-caption\">COMUNICAR. Presentar y convencer de las mejoras o resultados obtenidos.<\/figcaption><\/figure><\/div>\t\t\t<\/div>\n\t\t\t\t\t\t\t\t\t\t\t\t<div class=\"elementor-swiper-button elementor-swiper-button-prev\" role=\"button\" tabindex=\"0\">\n\t\t\t\t\t\t<svg aria-hidden=\"true\" class=\"e-font-icon-svg e-eicon-chevron-left\" viewBox=\"0 0 1000 1000\" xmlns=\"http:\/\/www.w3.org\/2000\/svg\"><path d=\"M646 125C629 125 613 133 604 142L308 442C296 454 292 471 292 487 292 504 296 521 308 533L604 854C617 867 629 875 646 875 663 875 679 871 692 858 704 846 713 829 713 812 713 796 708 779 692 767L438 487 692 225C700 217 708 204 708 187 708 171 704 154 692 142 675 129 663 125 646 125Z\"><\/path><\/svg>\t\t\t\t\t<\/div>\n\t\t\t\t\t<div class=\"elementor-swiper-button elementor-swiper-button-next\" role=\"button\" tabindex=\"0\">\n\t\t\t\t\t\t<svg aria-hidden=\"true\" class=\"e-font-icon-svg e-eicon-chevron-right\" viewBox=\"0 0 1000 1000\" xmlns=\"http:\/\/www.w3.org\/2000\/svg\"><path d=\"M696 533C708 521 713 504 713 487 713 471 708 454 696 446L400 146C388 133 375 125 354 125 338 125 325 129 313 142 300 154 292 171 292 187 292 204 296 221 308 233L563 492 304 771C292 783 288 800 288 817 288 833 296 850 308 863 321 871 338 875 354 875 371 875 388 867 400 854L696 533Z\"><\/path><\/svg>\t\t\t\t\t<\/div>\n\t\t\t\t\n\t\t\t\t\t\t\t\t\t<div class=\"swiper-pagination\"><\/div>\n\t\t\t\t\t\t\t\t\t<\/div>\n\t\t\t\t\t\t<\/div>\n\t\t\t\t<\/div>\n\t\t<div class=\"elementor-element elementor-element-95056ed e-flex e-con-boxed e-con e-child\" data-id=\"95056ed\" data-element_type=\"container\">\n\t\t\t\t\t<div class=\"e-con-inner\">\n\t\t\t\t<div class=\"elementor-element elementor-element-27d7726 elementor-widget elementor-widget-video\" data-id=\"27d7726\" data-element_type=\"widget\" data-settings=\"{&quot;video_type&quot;:&quot;hosted&quot;,&quot;end&quot;:6,&quot;autoplay&quot;:&quot;yes&quot;,&quot;mute&quot;:&quot;yes&quot;,&quot;loop&quot;:&quot;yes&quot;}\" data-widget_type=\"video.default\">\n\t\t\t\t\t\t\t<div class=\"e-hosted-video elementor-wrapper elementor-open-inline\">\n\t\t\t\t\t<video class=\"elementor-video\" src=\"https:\/\/viacocrea.eu\/wp-content\/uploads\/2025\/09\/Screen-recording-2025-06-30-22.58.11.webm#t=,6\" autoplay=\"\" loop=\"\" muted=\"muted\" controlsList=\"nodownload\"><\/video>\n\t\t\t\t<\/div>\n\t\t\t\t\t\t<\/div>\n\t\t\t\t\t<\/div>\n\t\t\t\t<\/div>\n\t\t\t\t\t<\/div>\n\t\t\t\t<\/div>\n\t\t<div id=\"e-n-tab-content-2500360622\" role=\"tabpanel\" aria-labelledby=\"e-n-tab-title-2500360622\" data-tab-index=\"2\" style=\"--n-tabs-title-order: 2;\" class=\" elementor-element elementor-element-cf3d5fb e-con-full e-flex e-con e-child\" data-id=\"cf3d5fb\" data-element_type=\"container\">\n\t\t<div class=\"elementor-element elementor-element-e0dd78e e-con-full e-flex e-con e-child\" data-id=\"e0dd78e\" data-element_type=\"container\">\n\t\t\t\t<div class=\"elementor-element elementor-element-d443236 elementor-widget elementor-widget-text-editor\" data-id=\"d443236\" data-element_type=\"widget\" data-widget_type=\"text-editor.default\">\n\t\t\t\t\t\t\t\t\t<p><span style=\"white-space-collapse: preserve;\">Un\u00a0toolkit\u00a0creativo con recursos y\u00a0t\u00e9cnicas para responder de forma innovadora un reto o proyecto.<\/span><\/p>\t\t\t\t\t\t\t\t<\/div>\n\t\t\t\t<\/div>\n\t\t<div class=\"elementor-element elementor-element-8106a2f e-con-full e-flex e-con e-child\" data-id=\"8106a2f\" data-element_type=\"container\">\n\t\t\t\t<\/div>\n\t\t\t\t<\/div>\n\t\t<div id=\"e-n-tab-content-2500360623\" role=\"tabpanel\" aria-labelledby=\"e-n-tab-title-2500360623\" data-tab-index=\"3\" style=\"--n-tabs-title-order: 3;\" class=\" elementor-element elementor-element-7e508c9 e-con-full e-flex e-con e-child\" data-id=\"7e508c9\" data-element_type=\"container\">\n\t\t<div class=\"elementor-element elementor-element-3c8acfd e-con-full e-flex e-con e-child\" data-id=\"3c8acfd\" data-element_type=\"container\">\n\t\t\t\t<div class=\"elementor-element elementor-element-0cc42fe elementor-widget elementor-widget-text-editor\" data-id=\"0cc42fe\" data-element_type=\"widget\" data-widget_type=\"text-editor.default\">\n\t\t\t\t\t\t\t\t\t<p><span style=\"white-space-collapse: preserve;\">Infograf\u00edas de cada t\u00e9cnica con acciones, lenguaje y actitudes que fomentan la\u00a0cocreatividad.<\/span><\/p>\t\t\t\t\t\t\t\t<\/div>\n\t\t\t\t<\/div>\n\t\t<div class=\"elementor-element elementor-element-2028e3c e-con-full e-flex e-con e-child\" data-id=\"2028e3c\" data-element_type=\"container\">\n\t\t\t\t<\/div>\n\t\t\t\t<\/div>\n\t\t<div id=\"e-n-tab-content-2500360624\" role=\"tabpanel\" aria-labelledby=\"e-n-tab-title-2500360624\" data-tab-index=\"4\" style=\"--n-tabs-title-order: 4;\" class=\" elementor-element elementor-element-ac1bc99 e-flex e-con-boxed e-con e-child\" data-id=\"ac1bc99\" data-element_type=\"container\">\n\t\t\t\t\t<div class=\"e-con-inner\">\n\t\t<div class=\"elementor-element elementor-element-a94db7e e-con-full e-flex e-con e-child\" data-id=\"a94db7e\" data-element_type=\"container\">\n\t\t\t\t<div class=\"elementor-element elementor-element-af7dbec elementor-widget elementor-widget-text-editor\" data-id=\"af7dbec\" data-element_type=\"widget\" data-widget_type=\"text-editor.default\">\n\t\t\t\t\t\t\t\t\t<p><span style=\"white-space-collapse: preserve;\">Una hoja de ruta que permite visualizar y monitorizar el progreso.<\/span><\/p>\t\t\t\t\t\t\t\t<\/div>\n\t\t\t\t<\/div>\n\t\t<div class=\"elementor-element elementor-element-9dafc27 e-con-full e-flex e-con e-child\" data-id=\"9dafc27\" data-element_type=\"container\">\n\t\t\t\t<\/div>\n\t\t\t\t\t<\/div>\n\t\t\t\t<\/div>\n\t\t\t\t\t<\/div>\n\t\t<\/div>\n\t\t\t\t\t\t<\/div>\n\t\t\t\t<\/div>\n\t\t\t\t\t<\/div>\n\t\t\t\t<\/div>\n\t\t\t\t<\/div>\n\t\t","protected":false},"excerpt":{"rendered":"<p>El m\u00e9todo Cocrea El m\u00e9todo Cocrea transforma la ense\u00f1anza y [&hellip;]<\/p>\n","protected":false},"author":1,"featured_media":0,"parent":0,"menu_order":2,"comment_status":"closed","ping_status":"closed","template":"","meta":{"footnotes":""},"class_list":["post-54","page","type-page","status-publish","hentry"],"_links":{"self":[{"href":"https:\/\/viacocrea.eu\/index.php\/wp-json\/wp\/v2\/pages\/54","targetHints":{"allow":["GET"]}}],"collection":[{"href":"https:\/\/viacocrea.eu\/index.php\/wp-json\/wp\/v2\/pages"}],"about":[{"href":"https:\/\/viacocrea.eu\/index.php\/wp-json\/wp\/v2\/types\/page"}],"author":[{"embeddable":true,"href":"https:\/\/viacocrea.eu\/index.php\/wp-json\/wp\/v2\/users\/1"}],"replies":[{"embeddable":true,"href":"https:\/\/viacocrea.eu\/index.php\/wp-json\/wp\/v2\/comments?post=54"}],"version-history":[{"count":37,"href":"https:\/\/viacocrea.eu\/index.php\/wp-json\/wp\/v2\/pages\/54\/revisions"}],"predecessor-version":[{"id":665,"href":"https:\/\/viacocrea.eu\/index.php\/wp-json\/wp\/v2\/pages\/54\/revisions\/665"}],"wp:attachment":[{"href":"https:\/\/viacocrea.eu\/index.php\/wp-json\/wp\/v2\/media?parent=54"}],"curies":[{"name":"wp","href":"https:\/\/api.w.org\/{rel}","templated":true}]}}