{"id":60,"date":"2025-07-16T12:04:50","date_gmt":"2025-07-16T10:04:50","guid":{"rendered":"https:\/\/viacocrea.eu\/?page_id=60"},"modified":"2026-01-18T01:00:13","modified_gmt":"2026-01-18T00:00:13","slug":"tutoriales","status":"publish","type":"page","link":"https:\/\/viacocrea.eu\/index.php\/tutoriales\/","title":{"rendered":"Tutoriales"},"content":{"rendered":"\t\t<div data-elementor-type=\"wp-page\" data-elementor-id=\"60\" class=\"elementor elementor-60\">\n\t\t\t\t<div class=\"elementor-element elementor-element-fc46d0c e-flex e-con-boxed e-con e-parent\" data-id=\"fc46d0c\" data-element_type=\"container\">\n\t\t\t\t\t<div class=\"e-con-inner\">\n\t\t\t\t<div class=\"elementor-element elementor-element-ce3456f elementor-widget elementor-widget-spacer\" data-id=\"ce3456f\" data-element_type=\"widget\" data-widget_type=\"spacer.default\">\n\t\t\t\t\t\t\t<div class=\"elementor-spacer\">\n\t\t\t<div class=\"elementor-spacer-inner\"><\/div>\n\t\t<\/div>\n\t\t\t\t\t\t<\/div>\n\t\t\t\t\t<\/div>\n\t\t\t\t<\/div>\n\t\t<div class=\"elementor-element elementor-element-366de2b e-flex e-con-boxed e-con e-parent\" data-id=\"366de2b\" data-element_type=\"container\">\n\t\t\t\t\t<div class=\"e-con-inner\">\n\t\t\t\t<div class=\"elementor-element elementor-element-a2ae85f elementor-widget elementor-widget-heading\" data-id=\"a2ae85f\" data-element_type=\"widget\" data-widget_type=\"heading.default\">\n\t\t\t\t\t<h2 class=\"elementor-heading-title elementor-size-default\">\u00a1Bienvenido\/a a los tutoriales de Viacocrea!<\/h2>\t\t\t\t<\/div>\n\t\t\t\t\t<\/div>\n\t\t\t\t<\/div>\n\t\t<div class=\"elementor-element elementor-element-a82d220 e-flex e-con-boxed e-con e-parent\" data-id=\"a82d220\" data-element_type=\"container\">\n\t\t\t\t\t<div class=\"e-con-inner\">\n\t\t<div class=\"elementor-element elementor-element-d86e772 e-con-full e-flex e-con e-child\" data-id=\"d86e772\" data-element_type=\"container\">\n\t\t<div class=\"elementor-element elementor-element-36f2b81 e-con-full e-flex e-con e-child\" data-id=\"36f2b81\" data-element_type=\"container\">\n\t\t\t\t<div class=\"elementor-element elementor-element-6688c0e elementor-widget elementor-widget-text-editor\" data-id=\"6688c0e\" data-element_type=\"widget\" data-widget_type=\"text-editor.default\">\n\t\t\t\t\t\t\t\t\t<p>Aqu\u00ed encontrar\u00e1s una serie de videos breves y pr\u00e1cticos que te guiar\u00e1n paso a paso en la creaci\u00f3n y publicaci\u00f3n de proyectos cocreativos dentro de la plataforma.<\/p><p data-start=\"790\" data-end=\"844\">Cuando est\u00e9s listo\/a\u2026 \u00a1dale play y comienza a cocrear!<\/p>\t\t\t\t\t\t\t\t<\/div>\n\t\t\t\t<\/div>\n\t\t<div class=\"elementor-element elementor-element-844212d e-con-full e-flex e-con e-child\" data-id=\"844212d\" data-element_type=\"container\">\n\t\t\t\t<div class=\"elementor-element elementor-element-965ef8b elementor-widget elementor-widget-text-editor\" data-id=\"965ef8b\" data-element_type=\"widget\" data-widget_type=\"text-editor.default\">\n\t\t\t\t\t\t\t\t\t<p><a href=\"https:\/\/viacocrea.eu\/index.php\/antes-de-empezar\/\">Antes de empezar<\/a><\/p><p><a href=\"https:\/\/viacocrea.eu\/index.php\/crear-y-disenar-un-proyecto\/\">Crear y dise\u00f1ar un proyecto<\/a><\/p><p><a href=\"https:\/\/viacocrea.eu\/index.php\/implementar-un-proyecto\/\">Implementar un proyecto<\/a><\/p>\t\t\t\t\t\t\t\t<\/div>\n\t\t\t\t<\/div>\n\t\t\t\t<\/div>\n\t\t<div class=\"elementor-element elementor-element-e4998d3 e-con-full e-flex e-con e-child\" data-id=\"e4998d3\" data-element_type=\"container\">\n\t\t\t\t<div class=\"elementor-element elementor-element-301d2d3 elementor-widget elementor-widget-image\" data-id=\"301d2d3\" data-element_type=\"widget\" data-widget_type=\"image.default\">\n\t\t\t\t\t\t\t\t\t\t\t\t\t\t\t<img fetchpriority=\"high\" decoding=\"async\" width=\"1919\" height=\"845\" src=\"https:\/\/viacocrea.eu\/wp-content\/uploads\/2025\/09\/Screenshot-2025-09-14-17.48.48.png\" class=\"attachment-full size-full wp-image-581\" alt=\"\" srcset=\"https:\/\/viacocrea.eu\/wp-content\/uploads\/2025\/09\/Screenshot-2025-09-14-17.48.48.png 1919w, https:\/\/viacocrea.eu\/wp-content\/uploads\/2025\/09\/Screenshot-2025-09-14-17.48.48-300x132.png 300w, https:\/\/viacocrea.eu\/wp-content\/uploads\/2025\/09\/Screenshot-2025-09-14-17.48.48-1024x451.png 1024w, https:\/\/viacocrea.eu\/wp-content\/uploads\/2025\/09\/Screenshot-2025-09-14-17.48.48-768x338.png 768w, https:\/\/viacocrea.eu\/wp-content\/uploads\/2025\/09\/Screenshot-2025-09-14-17.48.48-1536x676.png 1536w\" sizes=\"(max-width: 1919px) 100vw, 1919px\" \/>\t\t\t\t\t\t\t\t\t\t\t\t\t\t\t<\/div>\n\t\t\t\t<\/div>\n\t\t\t\t\t<\/div>\n\t\t\t\t<\/div>\n\t\t\t\t<\/div>\n\t\t","protected":false},"excerpt":{"rendered":"<p>\u00a1Bienvenido\/a a los tutoriales de Viacocrea! Aqu\u00ed encontrar\u00e1s una serie [&hellip;]<\/p>\n","protected":false},"author":1,"featured_media":0,"parent":0,"menu_order":5,"comment_status":"closed","ping_status":"closed","template":"","meta":{"footnotes":""},"class_list":["post-60","page","type-page","status-publish","hentry"],"_links":{"self":[{"href":"https:\/\/viacocrea.eu\/index.php\/wp-json\/wp\/v2\/pages\/60","targetHints":{"allow":["GET"]}}],"collection":[{"href":"https:\/\/viacocrea.eu\/index.php\/wp-json\/wp\/v2\/pages"}],"about":[{"href":"https:\/\/viacocrea.eu\/index.php\/wp-json\/wp\/v2\/types\/page"}],"author":[{"embeddable":true,"href":"https:\/\/viacocrea.eu\/index.php\/wp-json\/wp\/v2\/users\/1"}],"replies":[{"embeddable":true,"href":"https:\/\/viacocrea.eu\/index.php\/wp-json\/wp\/v2\/comments?post=60"}],"version-history":[{"count":0,"href":"https:\/\/viacocrea.eu\/index.php\/wp-json\/wp\/v2\/pages\/60\/revisions"}],"wp:attachment":[{"href":"https:\/\/viacocrea.eu\/index.php\/wp-json\/wp\/v2\/media?parent=60"}],"curies":[{"name":"wp","href":"https:\/\/api.w.org\/{rel}","templated":true}]}}